{"id":42,"date":"2018-05-02T08:55:32","date_gmt":"2018-05-02T08:55:32","guid":{"rendered":"https:\/\/level-pi.de\/?page_id=42"},"modified":"2018-05-24T06:25:19","modified_gmt":"2018-05-24T06:25:19","slug":"contact-impressum","status":"publish","type":"page","link":"https:\/\/level-pi.de\/?page_id=42","title":{"rendered":"Impressum"},"content":{"rendered":"<p>Uwe Cremer<br \/>\nM\u00fcnstereifeler Str. 54<br \/>\n50937 K\u00f6ln (Cologne)<\/p>\n<p>E-Mail:\u00a0contact(-a-t-)level-pi.de<br \/>\nInternet:\u00a0<a href=\"http:\/\/www.level-pi.de\/de\/\" target=\"_blank\" rel=\"noopener\">www.level-pi.de<\/a><\/p>\n<p>Haftungshinweis: Trotz sorgf\u00e4ltiger inhaltlicher Kontrolle \u00fcbernehme ich keine Haftung f\u00fcr die Inhalte externer Links. F\u00fcr den Inhalt der verlinkten Seiten sind ausschlie\u00dflich deren Betreiber verantwortlich.<\/p>\n<hr \/>\n<p>Fotos und Covergestaltung von:<\/p>\n<ul>\n<li><a href=\"https:\/\/rendel-freude.de\/index.php\/de\/\" target=\"_blank\" rel=\"noopener\">F R E U D E ! design<\/a><\/li>\n<li><a href=\"https:\/\/www.mbk-visions.com\" target=\"_blank\" rel=\"noopener\">MBK-Vision<\/a><\/li>\n<li>Anna Wirth (sorry, no homepage)<\/li>\n<\/ul>\n","protected":false},"excerpt":{"rendered":"<p>Uwe Cremer M\u00fcnstereifeler Str. 54 50937 K\u00f6ln (Cologne) E-Mail:\u00a0contact(-a-t-)level-pi.de Internet:\u00a0www.level-pi.de Haftungshinweis: Trotz sorgf\u00e4ltiger inhaltlicher Kontrolle \u00fcbernehme ich keine Haftung f\u00fcr die Inhalte externer Links. F\u00fcr den Inhalt der verlinkten Seiten sind ausschlie\u00dflich deren Betreiber verantwortlich. Fotos und Covergestaltung von: F R E U D E ! design MBK-Vision Anna Wirth (sorry, no homepage)<\/p>\n","protected":false},"author":1,"featured_media":0,"parent":0,"menu_order":0,"comment_status":"closed","ping_status":"closed","template":"","meta":{"footnotes":""},"class_list":["post-42","page","type-page","status-publish","hentry","nodate","item-wrap"],"_links":{"self":[{"href":"https:\/\/level-pi.de\/index.php?rest_route=\/wp\/v2\/pages\/42","targetHints":{"allow":["GET"]}}],"collection":[{"href":"https:\/\/level-pi.de\/index.php?rest_route=\/wp\/v2\/pages"}],"about":[{"href":"https:\/\/level-pi.de\/index.php?rest_route=\/wp\/v2\/types\/page"}],"author":[{"embeddable":true,"href":"https:\/\/level-pi.de\/index.php?rest_route=\/wp\/v2\/users\/1"}],"replies":[{"embeddable":true,"href":"https:\/\/level-pi.de\/index.php?rest_route=%2Fwp%2Fv2%2Fcomments&post=42"}],"version-history":[{"count":8,"href":"https:\/\/level-pi.de\/index.php?rest_route=\/wp\/v2\/pages\/42\/revisions"}],"predecessor-version":[{"id":171,"href":"https:\/\/level-pi.de\/index.php?rest_route=\/wp\/v2\/pages\/42\/revisions\/171"}],"wp:attachment":[{"href":"https:\/\/level-pi.de\/index.php?rest_route=%2Fwp%2Fv2%2Fmedia&parent=42"}],"curies":[{"name":"wp","href":"https:\/\/api.w.org\/{rel}","templated":true}]}}